{"id":92,"date":"2016-05-18T08:24:24","date_gmt":"2016-05-18T08:24:24","guid":{"rendered":"http:\/\/gmplivsmedel.local\/?page_id=92"},"modified":"2018-08-29T13:34:16","modified_gmt":"2018-08-29T13:34:16","slug":"kursinnehall-webbutbildning","status":"publish","type":"page","link":"https:\/\/gmplivsmedel.se\/?page_id=92","title":{"rendered":"Kursinneh\u00e5ll &#8211; webbutbildning"},"content":{"rendered":"<h2>Kursinneh\u00e5ll &#8211; webbutbildning<\/h2>\n<p>Ink\u00f6p och Sp\u00e5rbarhet<br \/>\nMottagningskontroll<br \/>\nKyl\/Frys\/torrlagring<br \/>\nSeparering och Avemballering<\/p>\n<p>Allergener och Separering<br \/>\nGr\u00f6nsakshantering<br \/>\nMj\u00f6lhantering och Degberedning<br \/>\nBeredning specialkoster<\/p>\n<p>Kallmatsberedning och preparering f\u00f6r tillagning<br \/>\nV\u00e4rmebehandling, \u00c5teruppv\u00e4rmning och nedkylning<\/p>\n<p>Varmh\u00e5llning och Servering<br \/>\nDiskning<\/p>\n<p>Packning<br \/>\nM\u00e4rkning<\/p>\n<p>Utleverans<br \/>\nF\u00f6rs\u00e4ljning i butik<\/p>\n<p>Utbildning i livsmedelshygien<br \/>\nPersonlig hygien riktlinjer<\/p>\n<p>Underh\u00e5ll av lokaler, inredning och utrustning<br \/>\nReng\u00f6ring, Avfallshantering och Bek\u00e4mpning av skadedjur<\/p>\n<p>Vatten och Is<br \/>\nF\u00f6retagsinformation, Avvikelsehantering, Konsumentskada exempel p\u00e5 rutiner<br \/>\n\u00c5terkallande av produkter, hantering av reklamationer<\/p>\n<p><strong>Verifiering och Internrevision<\/strong><\/p>\n<p>Livsmedelslagar och Branschriktlinjer<br \/>\nGrundf\u00f6ruts\u00e4ttningar Livsmedelshantering<br \/>\nVad \u00e4r livsmedelskvalit\u00e9t?<br \/>\nVad s\u00e4ger lagen om barn i k\u00f6k f\u00f6rskola och skola? <\/p>\n<p><strong>Vad \u00e4r HACCP? <\/strong><\/p>\n<p>Mikroorganismers Spridningsv\u00e4gar &#8211; s\u00e4ker mat f\u00f6rr och nu<br \/>\nLivsmedelsinspekt\u00f6rens roll i samh\u00e4llet <\/p>\n<p>Lite mer om mikroorganismer<br \/>\nSLUTPROV<br \/>\nExempel p\u00e5 blanketter f\u00f6r egenkontroll <\/p>\n<p><strong>Faroanalysriktlinjer<\/strong><br \/>\nExempel p\u00e5 Faroanalys<\/p>\n","protected":false},"excerpt":{"rendered":"<p>Kursinneh\u00e5ll &#8211; webbutbildning Ink\u00f6p och Sp\u00e5rbarhet Mottagningskontroll Kyl\/Frys\/torrlagring Separering och Avemballering Allergener och Separering Gr\u00f6nsakshantering Mj\u00f6lhantering och Degberedning Beredning specialkoster Kallmatsberedning och preparering f\u00f6r tillagning V\u00e4rmebehandling, \u00c5teruppv\u00e4rmning och nedkylning Varmh\u00e5llning och Servering Diskning Packning M\u00e4rkning Utleverans F\u00f6rs\u00e4ljning i butik Utbildning i livsmedelshygien Personlig hygien riktlinjer Underh\u00e5ll av lokaler, inredning och utrustning Reng\u00f6ring, Avfallshantering och Bek\u00e4mpning &hellip; <a href=\"https:\/\/gmplivsmedel.se\/?page_id=92\" class=\"more-link\">Continue reading <span class=\"screen-reader-text\">Kursinneh\u00e5ll &#8211; webbutbildning<\/span><\/a><\/p>\n","protected":false},"author":1,"featured_media":0,"parent":0,"menu_order":0,"comment_status":"closed","ping_status":"closed","template":"","meta":{"_jet_sm_ready_style":"","_jet_sm_style":"","_jet_sm_controls_values":"","_jet_sm_fonts_collection":"","_jet_sm_fonts_links":"","footnotes":""},"class_list":["post-92","page","type-page","status-publish","hentry"],"_links":{"self":[{"href":"https:\/\/gmplivsmedel.se\/index.php?rest_route=\/wp\/v2\/pages\/92","targetHints":{"allow":["GET"]}}],"collection":[{"href":"https:\/\/gmplivsmedel.se\/index.php?rest_route=\/wp\/v2\/pages"}],"about":[{"href":"https:\/\/gmplivsmedel.se\/index.php?rest_route=\/wp\/v2\/types\/page"}],"author":[{"embeddable":true,"href":"https:\/\/gmplivsmedel.se\/index.php?rest_route=\/wp\/v2\/users\/1"}],"replies":[{"embeddable":true,"href":"https:\/\/gmplivsmedel.se\/index.php?rest_route=%2Fwp%2Fv2%2Fcomments&post=92"}],"version-history":[{"count":0,"href":"https:\/\/gmplivsmedel.se\/index.php?rest_route=\/wp\/v2\/pages\/92\/revisions"}],"wp:attachment":[{"href":"https:\/\/gmplivsmedel.se\/index.php?rest_route=%2Fwp%2Fv2%2Fmedia&parent=92"}],"curies":[{"name":"wp","href":"https:\/\/api.w.org\/{rel}","templated":true}]}}