{"id":64,"date":"2016-03-09T13:46:08","date_gmt":"2016-03-09T13:46:08","guid":{"rendered":"http:\/\/demo.gmplivsmedel.se\/?page_id=64"},"modified":"2025-08-05T06:11:45","modified_gmt":"2025-08-05T06:11:45","slug":"kontakt","status":"publish","type":"page","link":"https:\/\/gmplivsmedel.se\/?page_id=64","title":{"rendered":"Kontakt"},"content":{"rendered":"<h2>Kontakt<\/h2>\n<p>Vi erbjuder webbutbildning inom livsmedelss\u00e4ker-het\/Egenkontroll\/Faroanalys\/HACCP.<\/p>\n<p>Vi v\u00e4nder oss till alla f\u00f6r vilka denna utbildning \u00e4r relevant, s\u00e5v\u00e4l f\u00f6retag\/privata verksamheter som kommuner och regioner.<\/p>\n<p>GMP livsmedelss\u00e4kerhet startades \u00e5r 2000 av Annette J\u00f6rgensen och Anders Hallberg. Vi har b\u00e5da en fler\u00e5rig praktisk erfarenhet samt teoretisk universitetsutbildning med l\u00f6pande uppdateringar inom livsmedelss\u00e4kerhet. V\u00e5rt arbetsomr\u00e5de har varit hela s\u00f6dra Sverige med sammarbete landsting, kommuner och f\u00f6retag, se referenser, Fr\u00e5n 2016 kommer vi att inrikta oss inom Sk\u00e5ne, och via v\u00e5r webbutbildning n\u00e5r vi hela Sverige.<\/p>\n<p>Tag g\u00e4rna kontakt med oss f\u00f6r mer information!<\/p>\n<p>GMP Livsmedelss\u00e4kerhet AB<br \/>\nKronhjortsv\u00e4gen 5<br \/>\n246 52 L\u00f6ddek\u00f6pinge<\/p>\n<p>Telefontider, kontor: tisdagar och onsdagar 09:00-17:00<br \/>\nTel: 070-772 25 89<\/p>\n<p>Ibland kan det vara sv\u00e5rt att n\u00e5 oss anv\u00e4nd d\u00e5<br \/>\nE-post: <a href=\"mailto:info@gmplivsmedel.se\">info@gmplivsmedel.se<\/a><\/p>\n<p>Vi hanterar dina personuppgifter med integritet och l\u00e4mnar inte ut dem till tredje part.<br \/>\nEnligt GDPR Integritetspolicy<\/p>\n","protected":false},"excerpt":{"rendered":"<p>Kontakt Vi erbjuder webbutbildning inom livsmedelss\u00e4ker-het\/Egenkontroll\/Faroanalys\/HACCP. Vi v\u00e4nder oss till alla f\u00f6r vilka denna utbildning \u00e4r relevant, s\u00e5v\u00e4l f\u00f6retag\/privata verksamheter som kommuner och regioner. GMP livsmedelss\u00e4kerhet startades \u00e5r 2000 av Annette J\u00f6rgensen och Anders Hallberg. Vi har b\u00e5da en fler\u00e5rig praktisk erfarenhet samt teoretisk universitetsutbildning med l\u00f6pande uppdateringar inom livsmedelss\u00e4kerhet. V\u00e5rt arbetsomr\u00e5de har varit hela &hellip; <a href=\"https:\/\/gmplivsmedel.se\/?page_id=64\" class=\"more-link\">Continue reading <span class=\"screen-reader-text\">Kontakt<\/span><\/a><\/p>\n","protected":false},"author":1,"featured_media":0,"parent":0,"menu_order":0,"comment_status":"closed","ping_status":"closed","template":"","meta":{"_jet_sm_ready_style":"","_jet_sm_style":"","_jet_sm_controls_values":"","_jet_sm_fonts_collection":"","_jet_sm_fonts_links":"","footnotes":""},"class_list":["post-64","page","type-page","status-publish","hentry"],"_links":{"self":[{"href":"https:\/\/gmplivsmedel.se\/index.php?rest_route=\/wp\/v2\/pages\/64","targetHints":{"allow":["GET"]}}],"collection":[{"href":"https:\/\/gmplivsmedel.se\/index.php?rest_route=\/wp\/v2\/pages"}],"about":[{"href":"https:\/\/gmplivsmedel.se\/index.php?rest_route=\/wp\/v2\/types\/page"}],"author":[{"embeddable":true,"href":"https:\/\/gmplivsmedel.se\/index.php?rest_route=\/wp\/v2\/users\/1"}],"replies":[{"embeddable":true,"href":"https:\/\/gmplivsmedel.se\/index.php?rest_route=%2Fwp%2Fv2%2Fcomments&post=64"}],"version-history":[{"count":0,"href":"https:\/\/gmplivsmedel.se\/index.php?rest_route=\/wp\/v2\/pages\/64\/revisions"}],"wp:attachment":[{"href":"https:\/\/gmplivsmedel.se\/index.php?rest_route=%2Fwp%2Fv2%2Fmedia&parent=64"}],"curies":[{"name":"wp","href":"https:\/\/api.w.org\/{rel}","templated":true}]}}