{"id":54,"date":"2016-03-09T12:23:03","date_gmt":"2016-03-09T12:23:03","guid":{"rendered":"http:\/\/demo.gmplivsmedel.se\/?page_id=54"},"modified":"2025-08-05T06:10:40","modified_gmt":"2025-08-05T06:10:40","slug":"referenser","status":"publish","type":"page","link":"https:\/\/gmplivsmedel.se\/?page_id=54","title":{"rendered":"Referenser &#8211; webbutbildningen"},"content":{"rendered":"<h4>Exempel p\u00e5 verksamheter som anv\u00e4nder v\u00e5r webbutbildning <strong>2022\/2025<\/strong><\/h4>\n<p>Stockholms stad\/stadsdelsf\u00f6rvaltningar<br \/>Trelleborgs Kommun <br \/>Skurups kommun<br \/>Sundbybergs stad<br \/>Svenska Kyrkan<br \/>Halmstad studentk\u00e5r<br \/>Kjellssons Logistik och Transport AB<br \/>Malm\u00f6 stad fritidsf\u00f6rvaltning \u2026 mfl\u2026<\/p>\n<h4>Exempel p\u00e5 Verksamheter som gjort webbutbildningen i grupp 2024:<\/h4>\n<p><em>&#8221;Den var mycket bra, och att vi k\u00f6rde utbildning tillsammans d\u00e5 vi kunde prata ihop oss efter varje moment om vad vi g\u00f6r bra och vad vi beh\u00f6ver f\u00f6rb\u00e4ttra.&#8221;<\/em><\/p>\n<blockquote>\n<p><strong>Johan Granlund<\/strong><br \/>Restaurangchef\/Restaurangl\u00e4rare<br \/>Ryssbygymnasiet<\/p>\n<\/blockquote>\n<blockquote>\n<p><b style=\"font-size: revert;\"><span lang=\"SV\">Niclas Svensson<br \/><\/span><\/b><span class=\"Standardstycketeckensnitt\"><span lang=\"SV\">Verksamhetschef\/F\u00f6rest\u00e5ndare V\u00e4st.<\/span><\/span><\/p>\n<p><img loading=\"lazy\" decoding=\"async\" class=\"alignnone size-full wp-image-227\" src=\"https:\/\/gmplivsmedel.se\/wp-content\/uploads\/image.png\" alt=\"\" width=\"116\" height=\"29\" \/><\/p>\n<\/blockquote>\n<blockquote>\n<p>Verksamhetschef<br \/>Magnus Schubert<\/p>\n<p><img loading=\"lazy\" decoding=\"async\" class=\"alignnone size-full wp-image-228\" src=\"https:\/\/gmplivsmedel.se\/wp-content\/uploads\/rimbo.png\" alt=\"\" width=\"176\" height=\"176\" srcset=\"https:\/\/gmplivsmedel.se\/wp-content\/uploads\/rimbo.png 176w, https:\/\/gmplivsmedel.se\/wp-content\/uploads\/rimbo-150x150.png 150w\" sizes=\"auto, (max-width: 176px) 100vw, 176px\" \/><\/p>\n<p>Kooperativet Industrihuset Rimbo<\/p>\n<\/blockquote>\n<p>Exempel p\u00e5 verksamheter som anv\u00e4nder v\u00e5r webbutbildning <strong>2022\/2023<\/strong><\/p>\n<p>Trelleborgs Kommun<br \/>Skurups kommun<br \/>Sundbybergs stad<br \/>Svenska Kyrkan<br \/>Halmstad studentk\u00e5r<br \/>Kjellssons Logistik och Transport AB<br \/>Malm\u00f6 stad fritidsf\u00f6rvaltning mfl\u2026<\/p>\n<p><strong>2021<\/strong><br \/>Kommuner som anv\u00e4nder v\u00e5r webbutbildning till sin personal<\/p>\n<p>Lunds kommun<br \/>Kil kommun<br \/>K\u00e4vlinge kommun<br \/>m fl<\/p>\n<p><strong>2019-11-27<\/strong><br \/><em>&#8221;Utm\u00e4rkt service och trevligt bem\u00f6tande. I br\u00e5dskande tider inf\u00f6r revision och nystart av anst\u00e4llning som HACCP-medarbetare p\u00e5 f\u00f6retaget, var utbildningen ov\u00e4rderlig. Bra uppl\u00e4gg och l\u00e4tt att f\u00f6rst\u00e5, samt applicera i f\u00f6retagets verksamhet. Matnyttig information inf\u00f6r kommande revision av IP-certifieringen d\u00e4r HACCP \u00e4r en viktig del.<\/em><br \/><em>Med v\u00e4nliga h\u00e4lsningar : Maria p\u00e5 Bregmos AB, Borgstena&#8221;<\/em><\/p>\n<p><strong>2019-11-10<\/strong><br \/><em>&#8221;Den var pedagogiskt uppbyggd och bra med filmer och sj\u00e4lvkontroll via testfr\u00e5gor. Mvh Mattias Mikrobryggeriet i M\u00f6nster\u00e5s&#8221;<\/em><\/p>\n<p><strong>2018<\/strong><br \/>Verksamheter som best\u00e4llt utbildningen till hela sin personal.<\/p>\n<p>K\u00e4vlinge Kommun-kostenheten<br \/>AkkaFrakt<br \/>Linnea Omsorg<\/p>\n<p><strong>2017-09-08<\/strong><em><br \/>&#8221;Jag tyckte att utbildningen var mycket bra. Jag fick med mig mycket bra<br \/>information jag har nytta av nu n\u00e4r vi har IP Livsmedel revision.&#8221;<\/em><\/p>\n<p>Johan Holmqvist<br \/>Sk\u00e5nsk Chili<\/p>\n<p><strong>2017-03-14<\/strong><em><br \/>&#8221;Utbildningen i livsmedelshygien\/s\u00e4kerhet hos GMP var lika intressant som<br \/>pedagogisk. Jag som \u00e4lskar mat, matlagning och som nu har startat<br \/>livsmedelsf\u00f6retag l\u00e4rde mig extremt mycket under de sex timmarna jag la ner<br \/>p\u00e5 att noga l\u00e4sa och lyssna p\u00e5 GMPs kurs. Jag rekommenderar varmt den h\u00e4r<br \/>tj\u00e4nsten till alla som hanterar livsmedel, precis som instruktionen s\u00e4ger s\u00e5<br \/>g\u00e5r man igenom den h\u00e4r kursen steg f\u00f6r steg och det finns \u00e4ven inslag av<br \/>anekdoter och humor.<\/em><\/p>\n<p><em>Den h\u00e4r kursen \u00f6vertr\u00e4ffade mina f\u00f6rv\u00e4ntningar och d\u00e4rf\u00f6r \u00e4r jag v\u00e4ldigt<br \/>n\u00f6jd med min investering.&#8221;<\/em><\/p>\n<p>Erik Edholm<br \/>Kvargkungen<br \/>Lund<\/p>\n<p><strong>2017-01-12<\/strong><br \/><em>&#8221;Supersmidigt med en tydlig och l\u00e4ttf\u00f6rst\u00e5dd utbildning. <\/em><\/p>\n<p>Mateusz Holuj\/ Sales<br \/>White Knight office<br \/>Stockholm<\/p>\n<p><em>&#8221;En j\u00e4ttebra och l\u00e4rorik utbildning. S\u00e5 sk\u00f6nt att jag kunde jobba med den lite d\u00e5 och d\u00e5 n\u00e4r jag hade tid \u00f6ver &#8211; fr\u00e5n min Ipad!&#8221;<\/em><\/p>\n<p>Anna Ekdahl<\/p>\n<p><em>Hej,<br \/>Vilken bra utbildning! Nu har jag slutf\u00f6rt utbildningen och klarat slutprovet!<\/em><\/p>\n<p>Ellinor Alhaj<br \/>Ellinors k\u00f6k och bar<br \/>T\u00e4by<\/p>\n<p><em>Kursen var j\u00e4ttebra!<\/em><\/p>\n<p>B\u00e4sta h\u00e4lsningar<\/p>\n<p><em>\/\/ mats \/\/<\/em><\/p>\n<p>Mats Th\u00f6rnblad &#8211; VD<br \/>Upplands V\u00e4sby<\/p>\n<p><strong>2016-06-01<br \/><\/strong><em> Kursen tog men runt 5-6 h,. Jag spred ut utbildningen p\u00e5 olika dagar.<br \/>Det var hyfsat l\u00e4tt att f\u00f6rst\u00e5 f\u00f6r mig som har dyslexi och l\u00e4s\/skrivsv\u00e5righeter.<br \/>Det var superbra med video och quiz s\u00e5 man inte fastnar i endast texter.<br \/>Absolut en v\u00e4ldigt bra kurs med bra och l\u00e4rorik information!<br \/><\/em><br \/>Mvh Malena, Personalkooperativet Kalinan.<\/p>\n<p><em>Att g\u00f6ra utbildningen online, passade mig perfekt, kursen tog 3,5 timma effektiv tid.<br \/>exkl pauser J, Bra uppl\u00e4gg. Jag hade bra hj\u00e4lp av utbildningen f\u00f6r att g\u00f6ra min faroanalys.<br \/><\/em><br \/>\/Peter J, Egen verksamhet.<\/p>\n\n\n<p><\/p>\n","protected":false},"excerpt":{"rendered":"<p>Exempel p\u00e5 verksamheter som anv\u00e4nder v\u00e5r webbutbildning 2022\/2025 Stockholms stad\/stadsdelsf\u00f6rvaltningarTrelleborgs Kommun Skurups kommunSundbybergs stadSvenska KyrkanHalmstad studentk\u00e5rKjellssons Logistik och Transport ABMalm\u00f6 stad fritidsf\u00f6rvaltning \u2026 mfl\u2026 Exempel p\u00e5 Verksamheter som gjort webbutbildningen i grupp 2024: &#8221;Den var mycket bra, och att vi k\u00f6rde utbildning tillsammans d\u00e5 vi kunde prata ihop oss efter varje moment om vad vi &hellip; <a href=\"https:\/\/gmplivsmedel.se\/?page_id=54\" class=\"more-link\">Continue reading <span class=\"screen-reader-text\">Referenser &#8211; webbutbildningen<\/span><\/a><\/p>\n","protected":false},"author":1,"featured_media":0,"parent":0,"menu_order":0,"comment_status":"closed","ping_status":"closed","template":"","meta":{"_jet_sm_ready_style":"","_jet_sm_style":"","_jet_sm_controls_values":"","_jet_sm_fonts_collection":"","_jet_sm_fonts_links":"","footnotes":""},"class_list":["post-54","page","type-page","status-publish","hentry"],"_links":{"self":[{"href":"https:\/\/gmplivsmedel.se\/index.php?rest_route=\/wp\/v2\/pages\/54","targetHints":{"allow":["GET"]}}],"collection":[{"href":"https:\/\/gmplivsmedel.se\/index.php?rest_route=\/wp\/v2\/pages"}],"about":[{"href":"https:\/\/gmplivsmedel.se\/index.php?rest_route=\/wp\/v2\/types\/page"}],"author":[{"embeddable":true,"href":"https:\/\/gmplivsmedel.se\/index.php?rest_route=\/wp\/v2\/users\/1"}],"replies":[{"embeddable":true,"href":"https:\/\/gmplivsmedel.se\/index.php?rest_route=%2Fwp%2Fv2%2Fcomments&post=54"}],"version-history":[{"count":0,"href":"https:\/\/gmplivsmedel.se\/index.php?rest_route=\/wp\/v2\/pages\/54\/revisions"}],"wp:attachment":[{"href":"https:\/\/gmplivsmedel.se\/index.php?rest_route=%2Fwp%2Fv2%2Fmedia&parent=54"}],"curies":[{"name":"wp","href":"https:\/\/api.w.org\/{rel}","templated":true}]}}