{"id":22,"date":"2016-03-09T10:03:29","date_gmt":"2016-03-09T10:03:29","guid":{"rendered":"http:\/\/demo.gmplivsmedel.se\/?page_id=22"},"modified":"2016-05-25T07:56:18","modified_gmt":"2016-05-25T07:56:18","slug":"referenser-webbutbildning","status":"publish","type":"page","link":"https:\/\/gmplivsmedel.se\/?page_id=22","title":{"rendered":"Referenser utbildningar"},"content":{"rendered":"<h2>Referenser utbildningar<\/h2>\n<p><strong>Referenser f\u00f6r grundutbildning i livsmedelss\u00e4kerhet<\/strong><\/p>\n<p>Samarbete med milj\u00f6- och h\u00e4lsoskyddskontoren samt landsting \u00e5ren 2001-2005 * ref namn kan tillhandah\u00e5llas. Fr\u00e5n 2006- h\u00e5ller vi fortl\u00f6pande utbildningar i kommuner i egen regi.<\/p>\n<table>\n<tr>\n<td width=\"134\">Kommuner*<\/td>\n<td width=\"134\">Kommuner*<\/td>\n<td width=\"140\">Kommuner*<\/td>\n<td width=\"140\">Landsting<\/td>\n<td width=\"134\">Kostchefer*<\/td>\n<td width=\"140\">\u00d6vrigt* samt<br \/>utbildningar i egen regi<\/td>\n<\/tr>\n<tr>\n<td width=\"134\">H\u00f6rby<\/p>\n<p>K\u00e4vlinge<\/p>\n<p>Trelleborg<\/p>\n<p>\u00c4ngelholm<\/p>\n<p>Ljungby<\/p>\n<p>Klippan<\/p>\n<p>Perstorp<\/p>\n<p>\u00d6rkelljunga<\/p>\n<p>Brom\u00f6lla<\/p>\n<p>Karlskrona<\/p>\n<p>Karlshamn<\/p>\n<p>Ronneby<\/p>\n<p>Falkenberg<\/p>\n<p>Halmstad<\/p>\n<p>Laholm<\/p>\n<p>Partille<\/td>\n<td width=\"134\">V\u00e4xj\u00f6<\/p>\n<p>Alvesta<\/p>\n<p>Lessebo<\/p>\n<p>Markaryd<\/p>\n<p>\u00c4lmhult<\/p>\n<p>Olofstr\u00f6m<\/p>\n<p>Hyltebruk<\/p>\n<p>Simrishamn<\/p>\n<p>S\u00f6lvesborg<\/p>\n<p>Skurup<\/p>\n<p>Esl\u00f6v<\/p>\n<p>Lomma<\/p>\n<p>Sj\u00f6bo<\/p>\n<p>Tomelilla<\/p>\n<p>Ystad<\/td>\n<td width=\"134\">Kalmar<\/p>\n<p>Emmaboda<\/p>\n<p>V\u00e4stervik<\/p>\n<p>Oskarshamn<\/p>\n<p>Gislaved<\/p>\n<p>Gnosj\u00f6<\/p>\n<p>H\u00f6gan\u00e4s<\/p>\n<p>Tingsryd<\/p>\n<p>Kungsbacka<\/p>\n<p>B\u00e5stad<\/p>\n<p>Ystad<\/p>\n<p>Alings\u00e5s<\/p>\n<p>Kung\u00e4lv<\/p>\n<p>Stenungsund<\/p>\n<p>V\u00e4nersborg<\/p>\n<p>Ale<\/td>\n<td width=\"134\">Landstinget i Kalmar l\u00e4n<\/p>\n<p>(Ref \u00c5sa Andersson)<\/p>\n<p>&nbsp;<\/p>\n<p>Sjukhus och<br \/>Lasarett<br \/>\nSenast i Trelleborg<\/p>\n<p>&nbsp;<\/p>\n<p>L\u00e4nsstyrelsen i Sk\u00e5ne L\u00e4n<\/p>\n<p>Ref<br \/>Eva Rolander<\/p>\n<p>M fl<\/p>\n<p>&nbsp;<\/p>\n<p>&nbsp;<\/p>\n<p><strong>\u00a0<\/strong><\/td>\n<td width=\"134\">H\u00f6rby<\/p>\n<p>K\u00e4vlinge<\/p>\n<p>Tingsryd<\/p>\n<p>M\u00f6rbyl\u00e5nga<\/p>\n<p>Emmaboda<\/p>\n<p>Burl\u00f6v<\/p>\n<p>Hylte<\/p>\n<p>Vimmerby<\/p>\n<p>M\u00f6lndal<\/p>\n<p>Ronneby<\/p>\n<p>(Ref Birgitta Fransson)<\/p>\n<p>M fl<\/p>\n<p>&nbsp;<\/p>\n<p>&nbsp;<\/p>\n<p><strong>\u00a0<\/strong><\/td>\n<td width=\"134\">Lund<\/p>\n<p>Helsingborg<\/p>\n<p>Malm\u00f6<\/p>\n<p>G\u00f6teborg<\/p>\n<p>LSS\/Malm\u00f6<\/p>\n<p>SDF Hyllie Malm\u00f6<\/p>\n<p>TT-Line<\/p>\n<p>Tor-Line<\/p>\n<p>Fiedler Lundgren<\/p>\n<p>Tetra pak<\/p>\n<p>Martin<br \/>Olsson<\/p>\n<p>Lernia<\/p>\n<p>Falkenbergs Lax<\/p>\n<p>Charkprodukter<\/p>\n<p>Falkenbergs Seafood<\/p>\n<p>Studentk\u00e5ren Halmstad<\/p>\n<p>M fl<\/td>\n<\/tr>\n<\/table>\n","protected":false},"excerpt":{"rendered":"<p>Referenser utbildningar Referenser f\u00f6r grundutbildning i livsmedelss\u00e4kerhet Samarbete med milj\u00f6- och h\u00e4lsoskyddskontoren samt landsting \u00e5ren 2001-2005 * ref namn kan tillhandah\u00e5llas. Fr\u00e5n 2006- h\u00e5ller vi fortl\u00f6pande utbildningar i kommuner i egen regi. Kommuner* Kommuner* Kommuner* Landsting Kostchefer* \u00d6vrigt* samtutbildningar i egen regi H\u00f6rby K\u00e4vlinge Trelleborg \u00c4ngelholm Ljungby Klippan Perstorp \u00d6rkelljunga Brom\u00f6lla Karlskrona Karlshamn Ronneby Falkenberg &hellip; <a href=\"https:\/\/gmplivsmedel.se\/?page_id=22\" class=\"more-link\">Continue reading <span class=\"screen-reader-text\">Referenser utbildningar<\/span><\/a><\/p>\n","protected":false},"author":1,"featured_media":0,"parent":0,"menu_order":0,"comment_status":"closed","ping_status":"closed","template":"","meta":{"_jet_sm_ready_style":"","_jet_sm_style":"","_jet_sm_controls_values":"","_jet_sm_fonts_collection":"","_jet_sm_fonts_links":"","footnotes":""},"class_list":["post-22","page","type-page","status-publish","hentry"],"_links":{"self":[{"href":"https:\/\/gmplivsmedel.se\/index.php?rest_route=\/wp\/v2\/pages\/22","targetHints":{"allow":["GET"]}}],"collection":[{"href":"https:\/\/gmplivsmedel.se\/index.php?rest_route=\/wp\/v2\/pages"}],"about":[{"href":"https:\/\/gmplivsmedel.se\/index.php?rest_route=\/wp\/v2\/types\/page"}],"author":[{"embeddable":true,"href":"https:\/\/gmplivsmedel.se\/index.php?rest_route=\/wp\/v2\/users\/1"}],"replies":[{"embeddable":true,"href":"https:\/\/gmplivsmedel.se\/index.php?rest_route=%2Fwp%2Fv2%2Fcomments&post=22"}],"version-history":[{"count":0,"href":"https:\/\/gmplivsmedel.se\/index.php?rest_route=\/wp\/v2\/pages\/22\/revisions"}],"wp:attachment":[{"href":"https:\/\/gmplivsmedel.se\/index.php?rest_route=%2Fwp%2Fv2%2Fmedia&parent=22"}],"curies":[{"name":"wp","href":"https:\/\/api.w.org\/{rel}","templated":true}]}}