{"id":16,"date":"2016-03-09T10:02:04","date_gmt":"2016-03-09T10:02:04","guid":{"rendered":"http:\/\/demo.gmplivsmedel.se\/?page_id=16"},"modified":"2017-01-30T08:28:52","modified_gmt":"2017-01-30T08:28:52","slug":"verksamhetsanpassade-utbildningar","status":"publish","type":"page","link":"https:\/\/gmplivsmedel.se\/?page_id=16","title":{"rendered":"Verksamhetsanpassade utbildningar i Sk\u00e5ne"},"content":{"rendered":"<h2>Verksamhetsanpassade utbildningar i Sk\u00e5ne<\/h2>\n<p>Vi erbjuder f\u00f6ljande utbildningar:<\/p>\n<p>Livsmedelss\u00e4kerhet\/Egenkontroll\/Faroanalys\/HACCP enligt SLV:s riktlinjer<br \/>\nanm\u00e4lan via webbutbildning<\/p>\n<p>Verksamhetsanpassad Livsmedelss\u00e4kerhet\/Egenkontroll\/Faroanalys\/HACCP enligt SLV:s riktlinjer p\u00e5 plats hos er.<\/p>\n<p>Fr\u00e5n 6 900 kr i n\u00e4romr\u00e5det<\/p>\n<p><a href=\"mailto:info@gmplivsmedel.se\">Kontakta oss f\u00f6r intresseanm\u00e4lan<\/a><\/p>\n","protected":false},"excerpt":{"rendered":"<p>Verksamhetsanpassade utbildningar i Sk\u00e5ne Vi erbjuder f\u00f6ljande utbildningar: Livsmedelss\u00e4kerhet\/Egenkontroll\/Faroanalys\/HACCP enligt SLV:s riktlinjer anm\u00e4lan via webbutbildning Verksamhetsanpassad Livsmedelss\u00e4kerhet\/Egenkontroll\/Faroanalys\/HACCP enligt SLV:s riktlinjer p\u00e5 plats hos er. Fr\u00e5n 6 900 kr i n\u00e4romr\u00e5det Kontakta oss f\u00f6r intresseanm\u00e4lan<\/p>\n","protected":false},"author":1,"featured_media":0,"parent":0,"menu_order":0,"comment_status":"closed","ping_status":"closed","template":"","meta":{"_jet_sm_ready_style":"","_jet_sm_style":"","_jet_sm_controls_values":"","_jet_sm_fonts_collection":"","_jet_sm_fonts_links":"","footnotes":""},"class_list":["post-16","page","type-page","status-publish","hentry"],"_links":{"self":[{"href":"https:\/\/gmplivsmedel.se\/index.php?rest_route=\/wp\/v2\/pages\/16","targetHints":{"allow":["GET"]}}],"collection":[{"href":"https:\/\/gmplivsmedel.se\/index.php?rest_route=\/wp\/v2\/pages"}],"about":[{"href":"https:\/\/gmplivsmedel.se\/index.php?rest_route=\/wp\/v2\/types\/page"}],"author":[{"embeddable":true,"href":"https:\/\/gmplivsmedel.se\/index.php?rest_route=\/wp\/v2\/users\/1"}],"replies":[{"embeddable":true,"href":"https:\/\/gmplivsmedel.se\/index.php?rest_route=%2Fwp%2Fv2%2Fcomments&post=16"}],"version-history":[{"count":0,"href":"https:\/\/gmplivsmedel.se\/index.php?rest_route=\/wp\/v2\/pages\/16\/revisions"}],"wp:attachment":[{"href":"https:\/\/gmplivsmedel.se\/index.php?rest_route=%2Fwp%2Fv2%2Fmedia&parent=16"}],"curies":[{"name":"wp","href":"https:\/\/api.w.org\/{rel}","templated":true}]}}